{"id":24839,"date":"2025-12-11T16:52:41","date_gmt":"2025-12-11T15:52:41","guid":{"rendered":"https:\/\/japlab.it\/?product=prodotto-13"},"modified":"2026-04-05T12:50:12","modified_gmt":"2026-04-05T10:50:12","slug":"ris2","status":"publish","type":"product","link":"https:\/\/japlab.it\/?product=ris2","title":{"rendered":"Riso Integrale (Tondo)"},"content":{"rendered":"<p>Versione non raffinata della celebre variet\u00e0 premium: unisce le propriet\u00e0 nutritive del chicco intero alla qualit\u00e0 del marchio leader. Ideale per chi cerca benessere e sapore autentico. Ordina online il tuo alleato per una dieta sana e bilanciata.<\/p>\n","protected":false},"excerpt":{"rendered":"<p>Versione non raffinata della celebre variet\u00e0 premium: unisce le propriet\u00e0 nutritive del chicco intero alla qualit\u00e0 del marchio leader. Ideale per chi cerca benessere e sapore autentico. Ordina online il tuo alleato per una dieta sana e bilanciata.<\/p>\n","protected":false},"featured_media":24840,"comment_status":"open","ping_status":"closed","template":"","meta":[],"product_brand":[2675],"product_cat":[2508],"product_tag":[],"class_list":{"0":"post-24839","1":"product","2":"type-product","3":"status-publish","4":"has-post-thumbnail","6":"product_brand-yume-nishiki","7":"product_cat-02-riso","9":"first","10":"instock","11":"taxable","12":"shipping-taxable","13":"purchasable","14":"product-type-simple"},"_links":{"self":[{"href":"https:\/\/japlab.it\/index.php?rest_route=\/wp\/v2\/product\/24839","targetHints":{"allow":["GET"]}}],"collection":[{"href":"https:\/\/japlab.it\/index.php?rest_route=\/wp\/v2\/product"}],"about":[{"href":"https:\/\/japlab.it\/index.php?rest_route=\/wp\/v2\/types\/product"}],"replies":[{"embeddable":true,"href":"https:\/\/japlab.it\/index.php?rest_route=%2Fwp%2Fv2%2Fcomments&post=24839"}],"version-history":[{"count":2,"href":"https:\/\/japlab.it\/index.php?rest_route=\/wp\/v2\/product\/24839\/revisions"}],"predecessor-version":[{"id":29519,"href":"https:\/\/japlab.it\/index.php?rest_route=\/wp\/v2\/product\/24839\/revisions\/29519"}],"wp:featuredmedia":[{"embeddable":true,"href":"https:\/\/japlab.it\/index.php?rest_route=\/wp\/v2\/media\/24840"}],"wp:attachment":[{"href":"https:\/\/japlab.it\/index.php?rest_route=%2Fwp%2Fv2%2Fmedia&parent=24839"}],"wp:term":[{"taxonomy":"product_brand","embeddable":true,"href":"https:\/\/japlab.it\/index.php?rest_route=%2Fwp%2Fv2%2Fproduct_brand&post=24839"},{"taxonomy":"product_cat","embeddable":true,"href":"https:\/\/japlab.it\/index.php?rest_route=%2Fwp%2Fv2%2Fproduct_cat&post=24839"},{"taxonomy":"product_tag","embeddable":true,"href":"https:\/\/japlab.it\/index.php?rest_route=%2Fwp%2Fv2%2Fproduct_tag&post=24839"}],"curies":[{"name":"wp","href":"https:\/\/api.w.org\/{rel}","templated":true}]}}